{"id":3395,"date":"2021-04-30T05:14:24","date_gmt":"2021-04-30T05:14:24","guid":{"rendered":"https:\/\/repasupplies.com\/?page_id=3395"},"modified":"2021-05-03T08:56:15","modified_gmt":"2021-05-03T08:56:15","slug":"industria-leggera","status":"publish","type":"page","link":"https:\/\/repasupplies.com\/it\/industria-leggera\/","title":{"rendered":"Industria leggera"},"content":{"rendered":"\n<p>REPA dispone di una vasta gamma di nastri trasportatori in plastica e accessori per l&#8217;industria leggera. Questo \u00e8 molto importante, perch\u00e9 quasi ogni commerciante o vulcanizzatore di nastri avr\u00e0 bisogno di qualche accessorio o attrezzo in plastica nel rifornire i propri clienti. Grazie al nostro ampio assortimento di prodotti, possiamo soddisfare le richieste di quasi tutte le industrie e possiamo giustamente definirci il pi\u00f9 grande e completo fornitore a fonte unica in Europa.<\/p>\n\n\n\n<p>Ovviamente potrete contare sulla robusta artigianalit\u00e0, sulla conoscenza e gli anni di esperienza di REPA. Il servizio diretto e orientato al cliente sono sempre di alto livello e tutti i nostri materiali soddisfano i pi\u00f9 alti requisiti di qualit\u00e0. Ci teniamo a sottolineare che il cliente viene sempre prima di tutto,e che quindi non solo avremo sempre il vostro prodotto in scorta ma che continueremo a pensare al vostro interesse.<\/p>\n\n\n\n<p>I nastri trasportatori sono utilizzati nell&#8217;industria leggera e spesso hanno propriet\u00e0 molto specifiche. I prodotti REPA sono progettati per soddisfare queste diverse esigenze.<\/p>\n\n\n\n<p>I nastri trasportatori in plastica sono utilizzati nel settore alimentare e non. L&#8217;igiene quindi pu\u00f2 essere un fattore importante, il che significa che anche le cinture stesse devono soddisfare alti standard di pulizia e resistenza. Pr questo motivo, forniamo nastri trasportatori con effetto antibatterico, insensibili agli oli e ai grassi e che rispettano perfettamente i requisiti HACCP in vigore.<\/p>\n\n\n\n<p>Qualunque sia l&#8217;industria del vostro settore, potrete contattare REPA per ogni tipo di nastro trasportatore, strumento, parte di ricambio o accessorio. Si pensi all&#8217;industria alimentare, ai centri di distribuzione, ma anche agli aeroporti, all&#8217;agricoltura, all&#8217;orticoltura e all&#8217;industria del tabacco. REPA offre molti tipi di nastri trasportatori in plastica e prodotti per l&#8217;industria leggera. Possiamo individuare le seguenti categorie:<\/p>\n","protected":false},"excerpt":{"rendered":"<p>REPA dispone di una vasta gamma di nastri trasportatori in plastica e accessori per l&#8217;industria leggera. Questo \u00e8 molto importante, perch\u00e9 quasi ogni commerciante o vulcanizzatore di nastri avr\u00e0 bisogno di qualche accessorio o attrezzo in plastica nel rifornire i propri clienti. Grazie al nostro ampio assortimento di prodotti, possiamo soddisfare le richieste di quasi [&hellip;]<\/p>\n","protected":false},"author":1,"featured_media":0,"parent":0,"menu_order":0,"comment_status":"closed","ping_status":"closed","template":"templates\/template-industry-light.php","meta":{"_acf_changed":false,"footnotes":""},"class_list":["post-3395","page","type-page","status-publish","hentry"],"acf":[],"_links":{"self":[{"href":"https:\/\/repasupplies.com\/it\/wp-json\/wp\/v2\/pages\/3395","targetHints":{"allow":["GET"]}}],"collection":[{"href":"https:\/\/repasupplies.com\/it\/wp-json\/wp\/v2\/pages"}],"about":[{"href":"https:\/\/repasupplies.com\/it\/wp-json\/wp\/v2\/types\/page"}],"author":[{"embeddable":true,"href":"https:\/\/repasupplies.com\/it\/wp-json\/wp\/v2\/users\/1"}],"replies":[{"embeddable":true,"href":"https:\/\/repasupplies.com\/it\/wp-json\/wp\/v2\/comments?post=3395"}],"version-history":[{"count":5,"href":"https:\/\/repasupplies.com\/it\/wp-json\/wp\/v2\/pages\/3395\/revisions"}],"predecessor-version":[{"id":3825,"href":"https:\/\/repasupplies.com\/it\/wp-json\/wp\/v2\/pages\/3395\/revisions\/3825"}],"wp:attachment":[{"href":"https:\/\/repasupplies.com\/it\/wp-json\/wp\/v2\/media?parent=3395"}],"curies":[{"name":"wp","href":"https:\/\/api.w.org\/{rel}","templated":true}]}}