{"id":3409,"date":"2021-04-30T05:24:55","date_gmt":"2021-04-30T05:24:55","guid":{"rendered":"https:\/\/repasupplies.com\/?page_id=3409"},"modified":"2023-03-09T12:11:41","modified_gmt":"2023-03-09T12:11:41","slug":"industria-medio-pesante","status":"publish","type":"page","link":"https:\/\/repasupplies.com\/it\/industria-medio-pesante\/","title":{"rendered":"Industria medio-pesante"},"content":{"rendered":"\n<p>Per l&#8217;industria medio-pesante REPA ha sviluppato una vasta gamma di nastri&nbsp;in gomma e in plastica, che dovranno spesso soddisfare requisiti molto specifici. Alla REPA troverete sempre il nastro o il componente con le propriet\u00e0 giuste per il vostro campo di applicazione. Inoltre, quasi tutta la merce \u00e8 in scorta nel magazzino, in modo che voi e i vostri clienti possiate avere in poco tempo quello di cui avete bisogno.<\/p>\n\n\n\n<p>Un nastro trasportatore per l&#8217;industria pesante deve essere resistente all&#8217;usura, avere buone caratteristiche di guida e funzionare in condizioni estreme come il freddo, il caldo e i carichi pesanti. L&#8217;utente dovr\u00e0 inoltre poter contare sulla qualit\u00e0 della struttura e del montaggio. Fortunatamente, ogni commerciante e vulcanizzatore potr\u00e0 contare sulle abilit\u00e0 e sui materiali di alta qualit\u00e0 di REPA Supplies.<\/p>\n\n\n\n<p>Abbiamo una soluzione adatta ad ogni tipo di industria e ad ogni azienda. Sia che riforniate l&#8217;industria del cemento, l&#8217;industria mineraria, della carta e del legno, i porti, le centrali elettriche, il tunnelling, la logistica o qualsiasi altro settore, REPA ha i nastri, i materiali e i componenti di cui il vostro gruppo di riferimento ha bisogno.&nbsp;<\/p>\n\n\n\n<p>Normalmente utilizziamo il nostro programma di trasportatori in gomma molto completo, ma abbiamo anche sviluppato una serie di tipi di nastri in plastica per l&#8217;industria pesante, resistenti all&#8217;olio e al grasso, con ottime capacit\u00e0 di scarico e resistenti all&#8217;usura. Grazie a queste caratteristiche sono particolarmente adatti all&#8217;industria della lavorazione dell&#8217;acciaio, dei rifiuti e del riciclaggio.&nbsp;<\/p>\n\n\n\n<p>REPA offre una vasta gamma di nastri&nbsp;in gomma per l&#8217;industria media e pesante. Possiamo individuare le seguenti categorie principali:<\/p>\n","protected":false},"excerpt":{"rendered":"<p>Per l&#8217;industria medio-pesante REPA ha sviluppato una vasta gamma di nastri&nbsp;in gomma e in plastica, che dovranno spesso soddisfare requisiti molto specifici. Alla REPA troverete sempre il nastro o il componente con le propriet\u00e0 giuste per il vostro campo di applicazione. Inoltre, quasi tutta la merce \u00e8 in scorta nel magazzino, in modo che voi [&hellip;]<\/p>\n","protected":false},"author":1,"featured_media":0,"parent":0,"menu_order":0,"comment_status":"closed","ping_status":"closed","template":"templates\/template-heavy-industry.php","meta":{"_acf_changed":false,"footnotes":""},"class_list":["post-3409","page","type-page","status-publish","hentry"],"acf":[],"_links":{"self":[{"href":"https:\/\/repasupplies.com\/it\/wp-json\/wp\/v2\/pages\/3409","targetHints":{"allow":["GET"]}}],"collection":[{"href":"https:\/\/repasupplies.com\/it\/wp-json\/wp\/v2\/pages"}],"about":[{"href":"https:\/\/repasupplies.com\/it\/wp-json\/wp\/v2\/types\/page"}],"author":[{"embeddable":true,"href":"https:\/\/repasupplies.com\/it\/wp-json\/wp\/v2\/users\/1"}],"replies":[{"embeddable":true,"href":"https:\/\/repasupplies.com\/it\/wp-json\/wp\/v2\/comments?post=3409"}],"version-history":[{"count":5,"href":"https:\/\/repasupplies.com\/it\/wp-json\/wp\/v2\/pages\/3409\/revisions"}],"predecessor-version":[{"id":5269,"href":"https:\/\/repasupplies.com\/it\/wp-json\/wp\/v2\/pages\/3409\/revisions\/5269"}],"wp:attachment":[{"href":"https:\/\/repasupplies.com\/it\/wp-json\/wp\/v2\/media?parent=3409"}],"curies":[{"name":"wp","href":"https:\/\/api.w.org\/{rel}","templated":true}]}}