{"id":3444,"date":"2021-04-30T13:13:18","date_gmt":"2021-04-30T13:13:18","guid":{"rendered":"https:\/\/repasupplies.com\/?page_id=3444"},"modified":"2021-05-03T09:35:31","modified_gmt":"2021-05-03T09:35:31","slug":"rubber-bordi-ondulati","status":"publish","type":"page","link":"https:\/\/repasupplies.com\/it\/rubber-bordi-ondulati\/","title":{"rendered":"Rubber Bordi ondulati"},"content":{"rendered":"\n<p>Con i bordi ondulati ai lati di un nastro trasportatore, i nastri diventano pi\u00f9 stabili e i vostri clienti possono anche trasportare pi\u00f9 prodotti per nastro. Grazie alla forma ondulata, i bordi possono essere molto alti e rimanere stabili, aumentando la capacit\u00e0 di trasmissione. I vostri clienti potranno anche trasportare ad un angolo pi\u00f9 alto. In combinazione con i listelli, \u00e8 possibile anche il trasporto verticale. I bordi ondulati possono essere ordinati con o senza maglie.<\/p>\n","protected":false},"excerpt":{"rendered":"<p>Con i bordi ondulati ai lati di un nastro trasportatore, i nastri diventano pi\u00f9 stabili e i vostri clienti possono anche trasportare pi\u00f9 prodotti per nastro. Grazie alla forma ondulata, i bordi possono essere molto alti e rimanere stabili, aumentando la capacit\u00e0 di trasmissione. I vostri clienti potranno anche trasportare ad un angolo pi\u00f9 alto. [&hellip;]<\/p>\n","protected":false},"author":1,"featured_media":0,"parent":0,"menu_order":0,"comment_status":"closed","ping_status":"closed","template":"templates\/template-product.php","meta":{"_acf_changed":false,"footnotes":""},"class_list":["post-3444","page","type-page","status-publish","hentry"],"acf":[],"_links":{"self":[{"href":"https:\/\/repasupplies.com\/it\/wp-json\/wp\/v2\/pages\/3444","targetHints":{"allow":["GET"]}}],"collection":[{"href":"https:\/\/repasupplies.com\/it\/wp-json\/wp\/v2\/pages"}],"about":[{"href":"https:\/\/repasupplies.com\/it\/wp-json\/wp\/v2\/types\/page"}],"author":[{"embeddable":true,"href":"https:\/\/repasupplies.com\/it\/wp-json\/wp\/v2\/users\/1"}],"replies":[{"embeddable":true,"href":"https:\/\/repasupplies.com\/it\/wp-json\/wp\/v2\/comments?post=3444"}],"version-history":[{"count":5,"href":"https:\/\/repasupplies.com\/it\/wp-json\/wp\/v2\/pages\/3444\/revisions"}],"predecessor-version":[{"id":3838,"href":"https:\/\/repasupplies.com\/it\/wp-json\/wp\/v2\/pages\/3444\/revisions\/3838"}],"wp:attachment":[{"href":"https:\/\/repasupplies.com\/it\/wp-json\/wp\/v2\/media?parent=3444"}],"curies":[{"name":"wp","href":"https:\/\/api.w.org\/{rel}","templated":true}]}}