{"id":3504,"date":"2021-04-30T13:41:22","date_gmt":"2021-04-30T13:41:22","guid":{"rendered":"https:\/\/repasupplies.com\/?page_id=3504"},"modified":"2021-05-03T09:41:36","modified_gmt":"2021-05-03T09:41:36","slug":"materiale-per-le-riparazioni","status":"publish","type":"page","link":"https:\/\/repasupplies.com\/it\/materiale-per-le-riparazioni\/","title":{"rendered":"Materiale per le riparazioni"},"content":{"rendered":"\n<p>I nastri trasportatori non sempre devono essere sostituiti quando si danneggiano. A seconda del danno ci sono diverse possibilit\u00e0 e REPA ha a disposizione diversi mezzi per effettuare riparazioni. Secondo la nostra esperienza, la maggior parte dei danni ai nastri trasportatori pu\u00f2 essere riparata usando cerotti o strisce di riparazione. Quando questo non \u00e8 il caso, si pu\u00f2 usare anche la gomma bicomponente, la vulcanizzazione a caldo o le pinzature, per esempio. &nbsp;<\/p>\n","protected":false},"excerpt":{"rendered":"<p>I nastri trasportatori non sempre devono essere sostituiti quando si danneggiano. A seconda del danno ci sono diverse possibilit\u00e0 e REPA ha a disposizione diversi mezzi per effettuare riparazioni. Secondo la nostra esperienza, la maggior parte dei danni ai nastri trasportatori pu\u00f2 essere riparata usando cerotti o strisce di riparazione. Quando questo non \u00e8 il [&hellip;]<\/p>\n","protected":false},"author":1,"featured_media":0,"parent":0,"menu_order":0,"comment_status":"closed","ping_status":"closed","template":"templates\/template-product.php","meta":{"_acf_changed":false,"footnotes":""},"class_list":["post-3504","page","type-page","status-publish","hentry"],"acf":[],"_links":{"self":[{"href":"https:\/\/repasupplies.com\/it\/wp-json\/wp\/v2\/pages\/3504","targetHints":{"allow":["GET"]}}],"collection":[{"href":"https:\/\/repasupplies.com\/it\/wp-json\/wp\/v2\/pages"}],"about":[{"href":"https:\/\/repasupplies.com\/it\/wp-json\/wp\/v2\/types\/page"}],"author":[{"embeddable":true,"href":"https:\/\/repasupplies.com\/it\/wp-json\/wp\/v2\/users\/1"}],"replies":[{"embeddable":true,"href":"https:\/\/repasupplies.com\/it\/wp-json\/wp\/v2\/comments?post=3504"}],"version-history":[{"count":5,"href":"https:\/\/repasupplies.com\/it\/wp-json\/wp\/v2\/pages\/3504\/revisions"}],"predecessor-version":[{"id":3840,"href":"https:\/\/repasupplies.com\/it\/wp-json\/wp\/v2\/pages\/3504\/revisions\/3840"}],"wp:attachment":[{"href":"https:\/\/repasupplies.com\/it\/wp-json\/wp\/v2\/media?parent=3504"}],"curies":[{"name":"wp","href":"https:\/\/api.w.org\/{rel}","templated":true}]}}