{"id":3521,"date":"2021-04-30T14:02:33","date_gmt":"2021-04-30T14:02:33","guid":{"rendered":"https:\/\/repasupplies.com\/?page_id=3521"},"modified":"2021-04-30T14:02:41","modified_gmt":"2021-04-30T14:02:41","slug":"guide-di-gomma","status":"publish","type":"page","link":"https:\/\/repasupplies.com\/it\/guide-di-gomma\/","title":{"rendered":"Guide di gomma"},"content":{"rendered":"\n<p>Se un nastro trasportatore sostiene forze laterali, c&#8217;\u00e8 la possibilit\u00e0 che possa deragliare. Per mantenere il trasporto il pi\u00f9 stabile possibile, la parte inferiore o superiore di un nastro pu\u00f2 quindi essere dotata di guide di scorrimento. Si pu\u00f2 scegliere tra diversi tipi, come i profili a V e guide a forma di blocco. Il fissaggio delle guide al nastro pu\u00f2 essere fatto tramite vulcanizzazione a freddo o a caldo, per cui la scelta dipende dall&#8217;industria o dalle applicazioni dei vostri clienti. \u00a0<\/p>\n","protected":false},"excerpt":{"rendered":"<p>Se un nastro trasportatore sostiene forze laterali, c&#8217;\u00e8 la possibilit\u00e0 che possa deragliare. Per mantenere il trasporto il pi\u00f9 stabile possibile, la parte inferiore o superiore di un nastro pu\u00f2 quindi essere dotata di guide di scorrimento. Si pu\u00f2 scegliere tra diversi tipi, come i profili a V e guide a forma di blocco. Il [&hellip;]<\/p>\n","protected":false},"author":1,"featured_media":0,"parent":0,"menu_order":0,"comment_status":"closed","ping_status":"closed","template":"templates\/template-product.php","meta":{"_acf_changed":false,"footnotes":""},"class_list":["post-3521","page","type-page","status-publish","hentry"],"acf":[],"_links":{"self":[{"href":"https:\/\/repasupplies.com\/it\/wp-json\/wp\/v2\/pages\/3521","targetHints":{"allow":["GET"]}}],"collection":[{"href":"https:\/\/repasupplies.com\/it\/wp-json\/wp\/v2\/pages"}],"about":[{"href":"https:\/\/repasupplies.com\/it\/wp-json\/wp\/v2\/types\/page"}],"author":[{"embeddable":true,"href":"https:\/\/repasupplies.com\/it\/wp-json\/wp\/v2\/users\/1"}],"replies":[{"embeddable":true,"href":"https:\/\/repasupplies.com\/it\/wp-json\/wp\/v2\/comments?post=3521"}],"version-history":[{"count":2,"href":"https:\/\/repasupplies.com\/it\/wp-json\/wp\/v2\/pages\/3521\/revisions"}],"predecessor-version":[{"id":3523,"href":"https:\/\/repasupplies.com\/it\/wp-json\/wp\/v2\/pages\/3521\/revisions\/3523"}],"wp:attachment":[{"href":"https:\/\/repasupplies.com\/it\/wp-json\/wp\/v2\/media?parent=3521"}],"curies":[{"name":"wp","href":"https:\/\/api.w.org\/{rel}","templated":true}]}}