{"id":3566,"date":"2021-04-30T14:33:17","date_gmt":"2021-04-30T14:33:17","guid":{"rendered":"https:\/\/repasupplies.com\/?page_id=3566"},"modified":"2021-05-03T09:57:26","modified_gmt":"2021-05-03T09:57:26","slug":"nastri-con-bordi-ondulati","status":"publish","type":"page","link":"https:\/\/repasupplies.com\/it\/nastri-con-bordi-ondulati\/","title":{"rendered":"Nastri con bordi ondulati"},"content":{"rendered":"\n<p>I trasportatori con bordi ondulati sono molto pratici in quanto molto stabili e capaci di trasportare pi\u00f9 prodotti con un angolo maggiore. Come fornitore completo, REPA Supplies pu\u00f2 offrire questi nastri trasportatori con bordi ondulati pronti per l&#8217;uso. Li montiamo appositamente per voi, in base alle vostre esigenze.<\/p>\n\n\n\n<p>L&#8217;uso di nastri a bordo ondulato offre molti vantaggi. I prodotti possono essere trasportati su uno stesso nastro e si evitano le perdite, in quanto i bordi ondulati fanno parte del nastro stesso. Questa uniformit\u00e0 comporta anche l&#8217;assenza quasi totale di parti mobili, per cui la manutenzione \u00e8 quasi inesistente.<\/p>\n\n\n\n<p>Infine, l&#8217;angolo di trasporto potenziale di 90 gradi offre diversi vantaggi. \u00c8 necessaria poca potenza per muovere il nastro e si risparmia molto spazio orizzontale; ideale in luoghi dove c&#8217;\u00e8 poco spazio.<\/p>\n\n\n\n<p>I bordi ondulati hanno diversi componenti. Lo pneumatico di base consiste in uno pneumatico EP, ST, CP o stabile trasversale. Il nastro a croce \u00e8 il pi\u00f9 comunemente usato a causa delle sue ottime propriet\u00e0 stabilizzanti. I bordi d&#8217;onda e i tacchetti sono poi attaccati a questa cintura di base.<\/p>\n\n\n\n<p>Realizziamo i bordi ondulati di cui avete bisogno, completamente su misura. Per quasi ogni industria e ogni azienda \u00e8 necessario un approccio unico e noi possiamo offrirlo attraverso la nostra vasta esperienza, conoscenza e gamma.<\/p>\n","protected":false},"excerpt":{"rendered":"<p>I trasportatori con bordi ondulati sono molto pratici in quanto molto stabili e capaci di trasportare pi\u00f9 prodotti con un angolo maggiore. Come fornitore completo, REPA Supplies pu\u00f2 offrire questi nastri trasportatori con bordi ondulati pronti per l&#8217;uso. Li montiamo appositamente per voi, in base alle vostre esigenze. L&#8217;uso di nastri a bordo ondulato offre [&hellip;]<\/p>\n","protected":false},"author":1,"featured_media":0,"parent":0,"menu_order":0,"comment_status":"closed","ping_status":"closed","template":"templates\/template-product.php","meta":{"_acf_changed":false,"footnotes":""},"class_list":["post-3566","page","type-page","status-publish","hentry"],"acf":[],"_links":{"self":[{"href":"https:\/\/repasupplies.com\/it\/wp-json\/wp\/v2\/pages\/3566","targetHints":{"allow":["GET"]}}],"collection":[{"href":"https:\/\/repasupplies.com\/it\/wp-json\/wp\/v2\/pages"}],"about":[{"href":"https:\/\/repasupplies.com\/it\/wp-json\/wp\/v2\/types\/page"}],"author":[{"embeddable":true,"href":"https:\/\/repasupplies.com\/it\/wp-json\/wp\/v2\/users\/1"}],"replies":[{"embeddable":true,"href":"https:\/\/repasupplies.com\/it\/wp-json\/wp\/v2\/comments?post=3566"}],"version-history":[{"count":5,"href":"https:\/\/repasupplies.com\/it\/wp-json\/wp\/v2\/pages\/3566\/revisions"}],"predecessor-version":[{"id":3846,"href":"https:\/\/repasupplies.com\/it\/wp-json\/wp\/v2\/pages\/3566\/revisions\/3846"}],"wp:attachment":[{"href":"https:\/\/repasupplies.com\/it\/wp-json\/wp\/v2\/media?parent=3566"}],"curies":[{"name":"wp","href":"https:\/\/api.w.org\/{rel}","templated":true}]}}