{"id":3604,"date":"2021-04-30T14:50:19","date_gmt":"2021-04-30T14:50:19","guid":{"rendered":"https:\/\/repasupplies.com\/?page_id=3604"},"modified":"2021-05-03T10:01:49","modified_gmt":"2021-05-03T10:01:49","slug":"nastri-solid-woven","status":"publish","type":"page","link":"https:\/\/repasupplies.com\/it\/nastri-solid-woven\/","title":{"rendered":"Nastri Solid Woven"},"content":{"rendered":"\n<p>Nelle industrie e nelle applicazioni in cui sono richiesti nastri trasportatori con uno spessore specifico e una resistenza alla trazione molto alta, i nastri Solid Woven (SW) sono solitamente la soluzione migliore. Sono dotati di un solo strato, che \u00e8 a trama spessa e ha una resistenza maggiore allo strappo e ad altri danni.<\/p>\n\n\n\n<p>I nastri Solid Woven hanno buone caratteristiche di manovrabilit\u00e0 e sono molto robusti. Possono essere utilizzati per le applicazioni pi\u00f9 pesanti cos\u00ec come per macchine e tamburi di piccole dimensioni, dove \u00e8 necessario raggiungere velocit\u00e0 elevate.<\/p>\n","protected":false},"excerpt":{"rendered":"<p>Nelle industrie e nelle applicazioni in cui sono richiesti nastri trasportatori con uno spessore specifico e una resistenza alla trazione molto alta, i nastri Solid Woven (SW) sono solitamente la soluzione migliore. Sono dotati di un solo strato, che \u00e8 a trama spessa e ha una resistenza maggiore allo strappo e ad altri danni. I [&hellip;]<\/p>\n","protected":false},"author":1,"featured_media":0,"parent":0,"menu_order":0,"comment_status":"closed","ping_status":"closed","template":"templates\/template-product.php","meta":{"_acf_changed":false,"footnotes":""},"class_list":["post-3604","page","type-page","status-publish","hentry"],"acf":[],"_links":{"self":[{"href":"https:\/\/repasupplies.com\/it\/wp-json\/wp\/v2\/pages\/3604","targetHints":{"allow":["GET"]}}],"collection":[{"href":"https:\/\/repasupplies.com\/it\/wp-json\/wp\/v2\/pages"}],"about":[{"href":"https:\/\/repasupplies.com\/it\/wp-json\/wp\/v2\/types\/page"}],"author":[{"embeddable":true,"href":"https:\/\/repasupplies.com\/it\/wp-json\/wp\/v2\/users\/1"}],"replies":[{"embeddable":true,"href":"https:\/\/repasupplies.com\/it\/wp-json\/wp\/v2\/comments?post=3604"}],"version-history":[{"count":5,"href":"https:\/\/repasupplies.com\/it\/wp-json\/wp\/v2\/pages\/3604\/revisions"}],"predecessor-version":[{"id":3850,"href":"https:\/\/repasupplies.com\/it\/wp-json\/wp\/v2\/pages\/3604\/revisions\/3850"}],"wp:attachment":[{"href":"https:\/\/repasupplies.com\/it\/wp-json\/wp\/v2\/media?parent=3604"}],"curies":[{"name":"wp","href":"https:\/\/api.w.org\/{rel}","templated":true}]}}