{"id":3771,"date":"2021-05-03T07:32:41","date_gmt":"2021-05-03T07:32:41","guid":{"rendered":"https:\/\/repasupplies.com\/?page_id=3771"},"modified":"2021-05-06T08:52:05","modified_gmt":"2021-05-06T08:52:05","slug":"polietilene-pe","status":"publish","type":"page","link":"https:\/\/repasupplies.com\/it\/polietilene-pe\/","title":{"rendered":"Polietilene (PE)"},"content":{"rendered":"\n<h3 class=\"wp-block-heading\"><strong>Nastri trasportatori in polietilene (PE)<\/strong><\/h3>\n\n\n\n<p>Uno dei materiale che utilizziamo per i nostri nastri che \u00e8 in polietilene. Si tratta di una forma di poliolefina, che naturalmente ha un&#8217;ottima resistenza chimica ed \u00e8 antiaderente. Il materiale \u00e8 ideale per l&#8217;industria del tabacco a causa dell&#8217;assenza di sostanze nocive nei rivestimenti. Inoltre, il polietilene soddisfa generalmente tutti i requisiti della FDA e dell&#8217;Unione Europea per la lavorazione in modo responsabile con gli alimenti.<\/p>\n\n\n\n<p>REPA \u00e8 in grado di soddisfare tutte le esigenze nella fornitura di nastri in PE. I nastri trasportatori in polietilene possono essere utilizzati o forniti con una variet\u00e0 di listelli, guide di scorrimento e bordi ondulati, anch&#8217;essi in PE.<\/p>\n","protected":false},"excerpt":{"rendered":"<p>Nastri trasportatori in polietilene (PE) Uno dei materiale che utilizziamo per i nostri nastri che \u00e8 in polietilene. Si tratta di una forma di poliolefina, che naturalmente ha un&#8217;ottima resistenza chimica ed \u00e8 antiaderente. Il materiale \u00e8 ideale per l&#8217;industria del tabacco a causa dell&#8217;assenza di sostanze nocive nei rivestimenti. Inoltre, il polietilene soddisfa generalmente [&hellip;]<\/p>\n","protected":false},"author":1,"featured_media":0,"parent":0,"menu_order":0,"comment_status":"closed","ping_status":"closed","template":"templates\/template-product.php","meta":{"_acf_changed":false,"footnotes":""},"class_list":["post-3771","page","type-page","status-publish","hentry"],"acf":[],"_links":{"self":[{"href":"https:\/\/repasupplies.com\/it\/wp-json\/wp\/v2\/pages\/3771","targetHints":{"allow":["GET"]}}],"collection":[{"href":"https:\/\/repasupplies.com\/it\/wp-json\/wp\/v2\/pages"}],"about":[{"href":"https:\/\/repasupplies.com\/it\/wp-json\/wp\/v2\/types\/page"}],"author":[{"embeddable":true,"href":"https:\/\/repasupplies.com\/it\/wp-json\/wp\/v2\/users\/1"}],"replies":[{"embeddable":true,"href":"https:\/\/repasupplies.com\/it\/wp-json\/wp\/v2\/comments?post=3771"}],"version-history":[{"count":4,"href":"https:\/\/repasupplies.com\/it\/wp-json\/wp\/v2\/pages\/3771\/revisions"}],"predecessor-version":[{"id":3827,"href":"https:\/\/repasupplies.com\/it\/wp-json\/wp\/v2\/pages\/3771\/revisions\/3827"}],"wp:attachment":[{"href":"https:\/\/repasupplies.com\/it\/wp-json\/wp\/v2\/media?parent=3771"}],"curies":[{"name":"wp","href":"https:\/\/api.w.org\/{rel}","templated":true}]}}