{"id":3803,"date":"2021-05-03T07:45:34","date_gmt":"2021-05-03T07:45:34","guid":{"rendered":"https:\/\/repasupplies.com\/?page_id=3803"},"modified":"2021-11-01T09:00:43","modified_gmt":"2021-11-01T09:00:43","slug":"portali-dockshelter","status":"publish","type":"page","link":"https:\/\/repasupplies.com\/it\/portali-dockshelter\/","title":{"rendered":"Portali Dockshelter"},"content":{"rendered":"\n<p>Un dock shelter \u00e8 un sigillo ideale tra la piattaforma di carico e il camion. Non solo rappresenta un modo efficiente ed efficace per avere una migliore posizione di carico, un buon dock shelter garantisce un risparmio energetico e un miglioramento dell&#8217;igiene nel magazzino o nell&#8217;area di carico. Inoltre, &nbsp;tutti i materiali di tenuta devono essere di qualit\u00e0 sufficiente. REPA fornisce solo PVC e gomma di alta qualit\u00e0 per il rivestimento dei dock shelter, che assicura che la loro integrit\u00e0 rimanga sempre intatta.<\/p>\n\n\n\n<p>Abbiamo rivestimenti per vari tipi di dock shelter, tra cui ripari a tenda, a cuscino, meccanici e gonfiabili. Sia i lati che la parte superiore possono essere coperti con i nostri materiali. Qui si pu\u00f2 scegliere sia il rivestimento isolato che quello non isolato.<\/p>\n\n\n\n<p>REPA Supplies ha uno stock molto grande di coperture per dock shelter. I rivestimenti elencati di seguito sono alcuni esempi che possono essere consegnati direttamente dal magazzino:<\/p>\n","protected":false},"excerpt":{"rendered":"<p>Un dock shelter \u00e8 un sigillo ideale tra la piattaforma di carico e il camion. Non solo rappresenta un modo efficiente ed efficace per avere una migliore posizione di carico, un buon dock shelter garantisce un risparmio energetico e un miglioramento dell&#8217;igiene nel magazzino o nell&#8217;area di carico. Inoltre, &nbsp;tutti i materiali di tenuta devono [&hellip;]<\/p>\n","protected":false},"author":1,"featured_media":0,"parent":0,"menu_order":0,"comment_status":"closed","ping_status":"closed","template":"templates\/template-product.php","meta":{"_acf_changed":false,"footnotes":""},"class_list":["post-3803","page","type-page","status-publish","hentry"],"acf":[],"_links":{"self":[{"href":"https:\/\/repasupplies.com\/it\/wp-json\/wp\/v2\/pages\/3803","targetHints":{"allow":["GET"]}}],"collection":[{"href":"https:\/\/repasupplies.com\/it\/wp-json\/wp\/v2\/pages"}],"about":[{"href":"https:\/\/repasupplies.com\/it\/wp-json\/wp\/v2\/types\/page"}],"author":[{"embeddable":true,"href":"https:\/\/repasupplies.com\/it\/wp-json\/wp\/v2\/users\/1"}],"replies":[{"embeddable":true,"href":"https:\/\/repasupplies.com\/it\/wp-json\/wp\/v2\/comments?post=3803"}],"version-history":[{"count":5,"href":"https:\/\/repasupplies.com\/it\/wp-json\/wp\/v2\/pages\/3803\/revisions"}],"predecessor-version":[{"id":4887,"href":"https:\/\/repasupplies.com\/it\/wp-json\/wp\/v2\/pages\/3803\/revisions\/4887"}],"wp:attachment":[{"href":"https:\/\/repasupplies.com\/it\/wp-json\/wp\/v2\/media?parent=3803"}],"curies":[{"name":"wp","href":"https:\/\/api.w.org\/{rel}","templated":true}]}}